{"id":2858,"date":"2025-07-28T15:23:20","date_gmt":"2025-07-28T13:23:20","guid":{"rendered":"https:\/\/www.jahresbericht-verbundvolksbank-owl.de\/2024\/?page_id=2858"},"modified":"2025-07-28T15:26:28","modified_gmt":"2025-07-28T13:26:28","slug":"barrierefreiheit","status":"publish","type":"page","link":"https:\/\/www.jahresbericht-verbundvolksbank-owl.de\/2024\/barrierefreiheit\/","title":{"rendered":"Barrierefreiheit"},"content":{"rendered":"<section class=\"l-section wpb_row us_custom_5687401a us_animate_this height_auto\"><div class=\"l-section-h i-cf\"><div class=\"g-cols vc_row via_flex valign_top type_default stacking_default\"><div class=\"vc_col-sm-12 wpb_column vc_column_container\"><div class=\"vc_column-inner\"><div class=\"wpb_wrapper\"><div class=\"w-separator size_large\"><\/div><div class=\"wpb_text_column us_custom_a9bc2bab has_text_color\"><div class=\"wpb_wrapper\"><p class=\"p1\" style=\"text-align: center;\">Information zur Barrierefreiheit<\/p>\n<\/div><\/div><div class=\"w-separator size_large\"><\/div><\/div><\/div><\/div><\/div><\/div><\/section><section class=\"l-section wpb_row us_custom_de366d1c us_animate_this height_auto width_custom\" style=\"--site-content-width:1000px;\"><div class=\"l-section-h i-cf\"><div class=\"g-cols vc_row via_flex valign_top type_default stacking_default\"><div class=\"vc_col-sm-12 wpb_column vc_column_container\"><div class=\"vc_column-inner us_custom_093a2476 us_animate_this\"><div class=\"wpb_wrapper\"><div class=\"w-separator size_large\"><\/div><div class=\"wpb_text_column us_custom_61460a02 has_text_color\"><div class=\"wpb_wrapper\"><div data-automation-id=\"ultimate-renderer-top-level-layout\">\n<div class=\"container\" data-id=\"\">\n<div class=\"d-flex flex-row row\">\n<div class=\"col-md\">\n<div id=\"parsys_layout\" class=\"cms-layout m-0 container\" data-automation-id=\"ultimate-renderer-inner-layout\">\n<div class=\"ultimate-renderer-layout--row row justify-content-center align-items-start padding-top-m padding-right-none padding-bottom-m padding-left-none\" data-automation-id=\"ultimate-renderer-layout-content-div\">\n<div class=\"col-md-8 stretchable-col ultimate-renderer-layout--child-wrapper\">\n<div id=\"parsys_layout_text\" class=\"wc-component stretchable ultimate-renderer-layout-wc-component--row-child\" data-id=\"\">\n<div class=\"rte\" tabindex=\"-1\" data-automation-id=\"ultimate-renderer-rich-text\">\n<h3>(Stand: Juni 2025)<\/h3>\n<p>Hier informieren wir Sie, wie wir, die VerbundVolksbank OWL eG, auf unserem Internetauftritt das Thema Barrierefreiheit umsetzen.<br \/>\nDiese Informationen gelten nur fu\u0308r den frei aufrufbaren Bereich unseres Internetauftritts.<\/p>\n<h3><\/h3>\n<h3>1. Unsere Leistungen<\/h3>\n<p>In dem frei aufrufbaren Teil unseres Internetauftritts finden Sie Informationen zu unserem Jahresbericht in digitaler Form.<\/p>\n<p>&nbsp;<\/p>\n<h3>2. Merkmale der Barrierefreiheit unseres Internetauftritts<\/h3>\n<p>Die Anforderungen an die Barrierefreiheit laut BFSG finden Sie in den folgenden drei Rechtsgrundlagen:<\/p>\n<ul>\n<li>Barrierefreiheitsst\u00e4rkungsgesetz (BFSG)<\/li>\n<\/ul>\n<ul>\n<li>Verordnung \u00fcber die Barrierefreiheitsanforderungen f\u00fcr Produkte und Dienstleistungen nach dem Barrierefreiheitsst\u00e4rkungsgesetz = Verordnung zum Barrierefreiheitsst\u00e4rkungsgesetz (BFSGV)<\/li>\n<\/ul>\n<ul>\n<li>Richtlinien f\u00fcr barrierefreie Webinhalte = Web Content Accessibility Guidelines (WCAG)<\/li>\n<\/ul>\n<p>Nach diesen Rechtsgrundlagen muss unser Internetauftritt vier Prinzipien der Barrierefreiheit erf\u00fcllen:<\/p>\n<ul>\n<li>Wahrnehmbarkeit: M\u00f6glichst alle sollen die Informationen und Funktionen unseres Internetauftritts wahrnehmen k\u00f6nnen.<\/li>\n<li>Bedienbarkeit: M\u00f6glichst alle sollen die Funktionen des Internetauftritts bedienen k\u00f6nnen.<\/li>\n<li>Verst\u00e4ndlichkeit: F\u00fcr m\u00f6glichst alle sollen die Inhalte lesbar und klar verst\u00e4ndlich sein.<\/li>\n<\/ul>\n<ul>\n<li>Robustheit: Die Webseiten-Inhalte m\u00fcssen m\u00f6glichst mit sogenannten assistiven Techniken kompatibel sein.<\/li>\n<\/ul>\n<p>Die Anforderungen der Barrierefreiheit erf\u00fcllen wir im \u00f6ffentlich zug\u00e4nglichen Bereich unseres Internetauftritts wie folgt:<\/p>\n<h3>Wahrnehmbarkeit<\/h3>\n<ul>\n<li>Die bereitgestellten Informationen sind so gestaltet, dass sie leicht wahrnehmbar sind. Das betrifft die Form, die Schriftart, die Gr\u00f6\u00dfe, die Kontraste und den Abstand zwischen Buchstaben, Zeilen und Abs\u00e4tzen.<\/li>\n<li>Wenn m\u00f6glich, wird das Verst\u00e4ndnis des Textes durch Grafiken unterst\u00fctzt.<\/li>\n<\/ul>\n<h3>Bedienbarkeit<\/h3>\n<ul>\n<li>Sie k\u00f6nnen die Informationen jederzeit per Tastatur aufrufen.<\/li>\n<li>Sie k\u00f6nnen die Informationen per Suchfunktion des Internetauftritts finden.<\/li>\n<li>Die Informationen haben, wenn m\u00f6glich, eine \u00dcberschrift, Zwischen\u00fcberschriften und ein Inhaltsverzeichnis. Diese Elemente dienen als Orientierung.<\/li>\n<li>Bei den Informationen zu einer Dienstleistung finden Sie einen Link, mit dem Sie auf die Seite unseres Internetauftritts kommen, auf der diese Leistung angeboten wird, oder mit dem Sie zu einer Kontaktm\u00f6glichkeit mit Ihrer Bank (z. B. Kontaktformular) gelangen.<\/li>\n<\/ul>\n<h3>Verst\u00e4ndlichkeit<\/h3>\n<ul>\n<li>Soweit wir in dem frei aufrufbaren Bereich unseres Internetauftritts Informationen zur Funktionsweise unserer Bankdienstleistung f\u00fcr Verbraucherinnen und Verbraucher bereithalten, sind diese auch in einer verst\u00e4ndlichen Sprache verf\u00fcgbar. Das Sprachniveau B2 des Gemeinsamen Europ\u00e4ischen Referenzrahmens f\u00fcr Sprachen (GER) wird dabei nicht \u00fcberschritten.<\/li>\n<li>Die Informationen werden mithilfe verschiedener Zugangsm\u00f6glichkeiten bereitgestellt, und zwar auf mehr als nur einem Kanal. Das hei\u00dft: Sie k\u00f6nnen diese Information zum einen lesen und sie sich zum anderen von einem Programm vorlesen lassen.<\/li>\n<\/ul>\n<h3>Robustheit<\/h3>\n<ul>\n<li>F\u00fcr die Informationen auf unserem Internetauftritt gilt: Sie sind mit assistiven Techniken kompatibel. Bei solchen Techniken handelt es sich zum Beispiel um Software zum Vorlesen oder Vergr\u00f6\u00dfern von Webinhalten.<\/li>\n<\/ul>\n<p>Die Bewertung der Anforderung an die Barrierefreiheit und deren Umsetzung erfolgte durch uns im Rahmen einer Selbstbewertung.<\/p>\n<\/div>\n<\/div>\n<\/div>\n<\/div>\n<\/div>\n<\/div>\n<\/div>\n<\/div>\n<\/div>\n<p>&nbsp;<\/p>\n<div data-automation-id=\"ultimate-renderer-top-level-layout\">\n<div class=\"container\" data-id=\"\">\n<div class=\"d-flex flex-row row\">\n<div class=\"col-md\">\n<div id=\"parsys_layout_2008987293\" class=\"cms-layout m-0 container\" data-automation-id=\"ultimate-renderer-inner-layout\">\n<div class=\"ultimate-renderer-layout--row row justify-content-center align-items-start padding-top-none padding-right-none padding-bottom-none padding-left-none\" data-automation-id=\"ultimate-renderer-layout-content-div\">\n<div class=\"col-md-8 stretchable-col ultimate-renderer-layout--child-wrapper\">\n<div id=\"parsys_layout_2008987293_text_1651841281\" class=\"wc-component stretchable ultimate-renderer-layout-wc-component--row-child\" data-id=\"\">\n<div class=\"rte\" tabindex=\"-1\" data-automation-id=\"ultimate-renderer-rich-text\">\n<h3>3. Interne Meldestelle<\/h3>\n<p>Wenn Sie Fragen oder Anregungen zur Barrierefreiheit unseres Internetauftritts haben, k\u00f6nnen Sie sich an unsere interne Meldestelle wenden. Sie erreichen diese wie folgt:<\/p>\n<p>Adresse:<br \/>\nVerbundVolksbank OWL eG<br \/>\nNeuer Platz 1<br \/>\n33098 Paderborn<\/p>\n<p>E-Mail:<br \/>\ninfo@verbundvolksbank-owl.de<\/p>\n<p>&nbsp;<\/p>\n<\/div>\n<\/div>\n<\/div>\n<\/div>\n<\/div>\n<\/div>\n<\/div>\n<\/div>\n<\/div>\n<div data-automation-id=\"ultimate-renderer-top-level-layout\">\n<div class=\"container\" data-id=\"\">\n<div class=\"d-flex flex-row row\">\n<div class=\"col-md\">\n<div id=\"parsys_layout_2008987293_co\" class=\"cms-layout m-0 container\" data-automation-id=\"ultimate-renderer-inner-layout\">\n<div class=\"ultimate-renderer-layout--row row justify-content-center align-items-start padding-top-none padding-right-none padding-bottom-m padding-left-none\" data-automation-id=\"ultimate-renderer-layout-content-div\">\n<div class=\"col-md-8 stretchable-col ultimate-renderer-layout--child-wrapper\">\n<div id=\"parsys_layout_2008987293_co_text_1651841281\" class=\"wc-component stretchable ultimate-renderer-layout-wc-component--row-child\" data-id=\"\">\n<div class=\"rte\" tabindex=\"-1\" data-automation-id=\"ultimate-renderer-rich-text\">\n<h3>4. Zust\u00e4ndige Markt\u00fcberwachungsbeh\u00f6rde<\/h3>\n<p>Wenn Sie der Meinung sind, dass unser Webauftritt nicht \u00fcberall die gesetzlichen Anforderungen an die Barrierefreiheit erf\u00fcllt, k\u00f6nnen Sie sich an die zust\u00e4ndige Markt\u00fcberwachungsbeh\u00f6rde wenden.<\/p>\n<p>Das Bundesland Sachsen-Anhalt hat f\u00fcr Anfragen bzw. Meldungen bis zur formalen Errichtung der Markt\u00fcberwachungsstelle der L\u00e4nder f\u00fcr die Barrierefreiheit von Produkten und Dienstleistungen (MLBF)\u00a0folgende Adresse publiziert:<\/p>\n<p>Ministerium f\u00fcr Arbeit, Soziales, Gesundheit und Gleichstellung des Landes Sachsen-Anhalt<br \/>\nAbteilung 3 \u201eSoziales und Arbeitsschutz\u201c<br \/>\nTurmschanzenstra\u00dfe 25<br \/>\n39114 Magdeburg<br \/>\nTelefon: (0391) 567 4530<\/p>\n<p>E-Mail: MLBF@ms.sachsen-anhalt.de<\/p>\n<\/div>\n<\/div>\n<\/div>\n<\/div>\n<\/div>\n<\/div>\n<\/div>\n<\/div>\n<\/div>\n<\/div><\/div><div class=\"w-separator size_large\"><\/div><\/div><\/div><\/div><\/div><\/div><\/section>\n","protected":false},"excerpt":{"rendered":"Information zur Barrierefreiheit (Stand: Juni 2025) Hier informieren wir Sie, wie wir, die VerbundVolksbank OWL eG, auf unserem Internetauftritt das Thema Barrierefreiheit umsetzen. Diese Informationen gelten nur fu\u0308r den frei aufrufbaren Bereich unseres Internetauftritts. 1. Unsere Leistungen In dem frei aufrufbaren Teil unseres Internetauftritts finden Sie Informationen zu unserem Jahresbericht in digitaler Form. &nbsp; 2....","protected":false},"author":1,"featured_media":0,"parent":0,"menu_order":0,"comment_status":"closed","ping_status":"closed","template":"","meta":{"footnotes":""},"class_list":["post-2858","page","type-page","status-publish","hentry"],"yoast_head":"<!-- This site is optimized with the Yoast SEO plugin v25.9 - https:\/\/yoast.com\/wordpress\/plugins\/seo\/ -->\n<title>2024 war ein Jahr des Wachstums<\/title>\n<meta name=\"description\" content=\"Die Gesch\u00e4ftsentwicklung der VerbundVolksbank OWL eG ist immer auch ein Spiegelbild der gesamtwirtschaftlichen Lage.\" \/>\n<meta name=\"robots\" content=\"index, follow, max-snippet:-1, max-image-preview:large, max-video-preview:-1\" \/>\n<link rel=\"canonical\" href=\"https:\/\/www.jahresbericht-verbundvolksbank-owl.de\/2024\/barrierefreiheit\/\" \/>\n<meta property=\"og:locale\" content=\"de_DE\" \/>\n<meta property=\"og:type\" content=\"article\" \/>\n<meta property=\"og:title\" content=\"2024 war ein Jahr des Wachstums\" \/>\n<meta property=\"og:description\" content=\"Die Gesch\u00e4ftsentwicklung der VerbundVolksbank OWL eG ist immer auch ein Spiegelbild der gesamtwirtschaftlichen Lage.\" \/>\n<meta property=\"og:url\" content=\"https:\/\/www.jahresbericht-verbundvolksbank-owl.de\/2024\/barrierefreiheit\/\" \/>\n<meta property=\"og:site_name\" content=\"Jahresbericht VerbundVolksbank OWL 2024\" \/>\n<meta property=\"article:modified_time\" content=\"2025-07-28T13:26:28+00:00\" \/>\n<meta name=\"twitter:card\" content=\"summary_large_image\" \/>\n<meta name=\"twitter:label1\" content=\"Gesch\u00e4tzte Lesezeit\" \/>\n\t<meta name=\"twitter:data1\" content=\"4\u00a0Minuten\" \/>\n<script type=\"application\/ld+json\" class=\"yoast-schema-graph\">{\"@context\":\"https:\/\/schema.org\",\"@graph\":[{\"@type\":\"WebPage\",\"@id\":\"https:\/\/www.jahresbericht-verbundvolksbank-owl.de\/2024\/barrierefreiheit\/\",\"url\":\"https:\/\/www.jahresbericht-verbundvolksbank-owl.de\/2024\/barrierefreiheit\/\",\"name\":\"2024 war ein Jahr des Wachstums\",\"isPartOf\":{\"@id\":\"https:\/\/www.jahresbericht-verbundvolksbank-owl.de\/2024\/#website\"},\"datePublished\":\"2025-07-28T13:23:20+00:00\",\"dateModified\":\"2025-07-28T13:26:28+00:00\",\"description\":\"Die Gesch\u00e4ftsentwicklung der VerbundVolksbank OWL eG ist immer auch ein Spiegelbild der gesamtwirtschaftlichen Lage.\",\"breadcrumb\":{\"@id\":\"https:\/\/www.jahresbericht-verbundvolksbank-owl.de\/2024\/barrierefreiheit\/#breadcrumb\"},\"inLanguage\":\"de\",\"potentialAction\":[{\"@type\":\"ReadAction\",\"target\":[\"https:\/\/www.jahresbericht-verbundvolksbank-owl.de\/2024\/barrierefreiheit\/\"]}]},{\"@type\":\"BreadcrumbList\",\"@id\":\"https:\/\/www.jahresbericht-verbundvolksbank-owl.de\/2024\/barrierefreiheit\/#breadcrumb\",\"itemListElement\":[{\"@type\":\"ListItem\",\"position\":1,\"name\":\"Startseite\",\"item\":\"https:\/\/www.jahresbericht-verbundvolksbank-owl.de\/2024\/\"},{\"@type\":\"ListItem\",\"position\":2,\"name\":\"Barrierefreiheit\"}]},{\"@type\":\"WebSite\",\"@id\":\"https:\/\/www.jahresbericht-verbundvolksbank-owl.de\/2024\/#website\",\"url\":\"https:\/\/www.jahresbericht-verbundvolksbank-owl.de\/2024\/\",\"name\":\"Jahresbericht VerbundVolksbank OWL 2024\",\"description\":\"\",\"potentialAction\":[{\"@type\":\"SearchAction\",\"target\":{\"@type\":\"EntryPoint\",\"urlTemplate\":\"https:\/\/www.jahresbericht-verbundvolksbank-owl.de\/2024\/?s={search_term_string}\"},\"query-input\":{\"@type\":\"PropertyValueSpecification\",\"valueRequired\":true,\"valueName\":\"search_term_string\"}}],\"inLanguage\":\"de\"}]}<\/script>\n<!-- \/ Yoast SEO plugin. -->","yoast_head_json":{"title":"2024 war ein Jahr des Wachstums","description":"Die Gesch\u00e4ftsentwicklung der VerbundVolksbank OWL eG ist immer auch ein Spiegelbild der gesamtwirtschaftlichen Lage.","robots":{"index":"index","follow":"follow","max-snippet":"max-snippet:-1","max-image-preview":"max-image-preview:large","max-video-preview":"max-video-preview:-1"},"canonical":"https:\/\/www.jahresbericht-verbundvolksbank-owl.de\/2024\/barrierefreiheit\/","og_locale":"de_DE","og_type":"article","og_title":"2024 war ein Jahr des Wachstums","og_description":"Die Gesch\u00e4ftsentwicklung der VerbundVolksbank OWL eG ist immer auch ein Spiegelbild der gesamtwirtschaftlichen Lage.","og_url":"https:\/\/www.jahresbericht-verbundvolksbank-owl.de\/2024\/barrierefreiheit\/","og_site_name":"Jahresbericht VerbundVolksbank OWL 2024","article_modified_time":"2025-07-28T13:26:28+00:00","twitter_card":"summary_large_image","twitter_misc":{"Gesch\u00e4tzte Lesezeit":"4\u00a0Minuten"},"schema":{"@context":"https:\/\/schema.org","@graph":[{"@type":"WebPage","@id":"https:\/\/www.jahresbericht-verbundvolksbank-owl.de\/2024\/barrierefreiheit\/","url":"https:\/\/www.jahresbericht-verbundvolksbank-owl.de\/2024\/barrierefreiheit\/","name":"2024 war ein Jahr des Wachstums","isPartOf":{"@id":"https:\/\/www.jahresbericht-verbundvolksbank-owl.de\/2024\/#website"},"datePublished":"2025-07-28T13:23:20+00:00","dateModified":"2025-07-28T13:26:28+00:00","description":"Die Gesch\u00e4ftsentwicklung der VerbundVolksbank OWL eG ist immer auch ein Spiegelbild der gesamtwirtschaftlichen Lage.","breadcrumb":{"@id":"https:\/\/www.jahresbericht-verbundvolksbank-owl.de\/2024\/barrierefreiheit\/#breadcrumb"},"inLanguage":"de","potentialAction":[{"@type":"ReadAction","target":["https:\/\/www.jahresbericht-verbundvolksbank-owl.de\/2024\/barrierefreiheit\/"]}]},{"@type":"BreadcrumbList","@id":"https:\/\/www.jahresbericht-verbundvolksbank-owl.de\/2024\/barrierefreiheit\/#breadcrumb","itemListElement":[{"@type":"ListItem","position":1,"name":"Startseite","item":"https:\/\/www.jahresbericht-verbundvolksbank-owl.de\/2024\/"},{"@type":"ListItem","position":2,"name":"Barrierefreiheit"}]},{"@type":"WebSite","@id":"https:\/\/www.jahresbericht-verbundvolksbank-owl.de\/2024\/#website","url":"https:\/\/www.jahresbericht-verbundvolksbank-owl.de\/2024\/","name":"Jahresbericht VerbundVolksbank OWL 2024","description":"","potentialAction":[{"@type":"SearchAction","target":{"@type":"EntryPoint","urlTemplate":"https:\/\/www.jahresbericht-verbundvolksbank-owl.de\/2024\/?s={search_term_string}"},"query-input":{"@type":"PropertyValueSpecification","valueRequired":true,"valueName":"search_term_string"}}],"inLanguage":"de"}]}},"_links":{"self":[{"href":"https:\/\/www.jahresbericht-verbundvolksbank-owl.de\/2024\/wp-json\/wp\/v2\/pages\/2858","targetHints":{"allow":["GET"]}}],"collection":[{"href":"https:\/\/www.jahresbericht-verbundvolksbank-owl.de\/2024\/wp-json\/wp\/v2\/pages"}],"about":[{"href":"https:\/\/www.jahresbericht-verbundvolksbank-owl.de\/2024\/wp-json\/wp\/v2\/types\/page"}],"author":[{"embeddable":true,"href":"https:\/\/www.jahresbericht-verbundvolksbank-owl.de\/2024\/wp-json\/wp\/v2\/users\/1"}],"replies":[{"embeddable":true,"href":"https:\/\/www.jahresbericht-verbundvolksbank-owl.de\/2024\/wp-json\/wp\/v2\/comments?post=2858"}],"version-history":[{"count":4,"href":"https:\/\/www.jahresbericht-verbundvolksbank-owl.de\/2024\/wp-json\/wp\/v2\/pages\/2858\/revisions"}],"predecessor-version":[{"id":2861,"href":"https:\/\/www.jahresbericht-verbundvolksbank-owl.de\/2024\/wp-json\/wp\/v2\/pages\/2858\/revisions\/2861"}],"wp:attachment":[{"href":"https:\/\/www.jahresbericht-verbundvolksbank-owl.de\/2024\/wp-json\/wp\/v2\/media?parent=2858"}],"curies":[{"name":"wp","href":"https:\/\/api.w.org\/{rel}","templated":true}]}}